{"id":13,"date":"2021-12-22T17:00:23","date_gmt":"2021-12-22T16:00:23","guid":{"rendered":"http:\/\/www.noiretblancstudio.com\/index.php\/boutique\/"},"modified":"2022-06-23T17:57:21","modified_gmt":"2022-06-23T15:57:21","slug":"boutique","status":"publish","type":"page","link":"https:\/\/www.noiretblancstudio.com\/index.php\/boutique\/","title":{"rendered":"Boutique"},"content":{"rendered":"\t\t<div data-elementor-type=\"wp-page\" data-elementor-id=\"13\" class=\"elementor elementor-13\">\n\t\t\t\t\t\t\t\t\t<section class=\"elementor-section elementor-top-section elementor-element elementor-element-5646d6a elementor-section-boxed elementor-section-height-default elementor-section-height-default\" data-id=\"5646d6a\" data-element_type=\"section\" data-settings=\"{&quot;background_background&quot;:&quot;classic&quot;}\">\n\t\t\t\t\t\t\t<div class=\"elementor-background-overlay\"><\/div>\n\t\t\t\t\t\t\t<div class=\"elementor-container elementor-column-gap-default\">\n\t\t\t\t\t<div class=\"elementor-column elementor-col-100 elementor-top-column elementor-element elementor-element-d36aeb8\" data-id=\"d36aeb8\" data-element_type=\"column\">\n\t\t\t<div class=\"elementor-widget-wrap elementor-element-populated\">\n\t\t\t\t\t\t\t\t<div class=\"elementor-element elementor-element-e445e8c animated-slow elementor-invisible elementor-widget elementor-widget-heading\" data-id=\"e445e8c\" data-element_type=\"widget\" data-settings=\"{&quot;_animation&quot;:&quot;zoomIn&quot;}\" data-widget_type=\"heading.default\">\n\t\t\t\t<div class=\"elementor-widget-container\">\n\t\t\t<style>\/*! elementor - v3.15.0 - 20-08-2023 *\/\n.elementor-heading-title{padding:0;margin:0;line-height:1}.elementor-widget-heading .elementor-heading-title[class*=elementor-size-]>a{color:inherit;font-size:inherit;line-height:inherit}.elementor-widget-heading .elementor-heading-title.elementor-size-small{font-size:15px}.elementor-widget-heading .elementor-heading-title.elementor-size-medium{font-size:19px}.elementor-widget-heading .elementor-heading-title.elementor-size-large{font-size:29px}.elementor-widget-heading .elementor-heading-title.elementor-size-xl{font-size:39px}.elementor-widget-heading .elementor-heading-title.elementor-size-xxl{font-size:59px}<\/style><h1 class=\"elementor-heading-title elementor-size-default\">Produits<\/h1>\t\t<\/div>\n\t\t\t\t<\/div>\n\t\t\t\t<div class=\"elementor-element elementor-element-4443e8e elementor-widget elementor-widget-text-editor\" data-id=\"4443e8e\" data-element_type=\"widget\" data-widget_type=\"text-editor.default\">\n\t\t\t\t<div class=\"elementor-widget-container\">\n\t\t\t<style>\/*! elementor - v3.15.0 - 20-08-2023 *\/\n.elementor-widget-text-editor.elementor-drop-cap-view-stacked .elementor-drop-cap{background-color:#69727d;color:#fff}.elementor-widget-text-editor.elementor-drop-cap-view-framed .elementor-drop-cap{color:#69727d;border:3px solid;background-color:transparent}.elementor-widget-text-editor:not(.elementor-drop-cap-view-default) .elementor-drop-cap{margin-top:8px}.elementor-widget-text-editor:not(.elementor-drop-cap-view-default) .elementor-drop-cap-letter{width:1em;height:1em}.elementor-widget-text-editor .elementor-drop-cap{float:left;text-align:center;line-height:1;font-size:50px}.elementor-widget-text-editor .elementor-drop-cap-letter{display:inline-block}<\/style>\t\t\t\t<p>Vous souhaitez immortaliser vos photos \u00e0 travers d&rsquo;objets ? Chez Noir et Blanc Studio, d\u00e9couvrez les produits que vous pouvez personnaliser !<\/p>\t\t\t\t\t\t<\/div>\n\t\t\t\t<\/div>\n\t\t\t\t\t<\/div>\n\t\t<\/div>\n\t\t\t\t\t\t\t<\/div>\n\t\t<\/section>\n\t\t\t\t<section class=\"elementor-section elementor-top-section elementor-element elementor-element-f61f314 elementor-section-boxed elementor-section-height-default elementor-section-height-default\" data-id=\"f61f314\" data-element_type=\"section\">\n\t\t\t\t\t\t<div class=\"elementor-container elementor-column-gap-default\">\n\t\t\t\t\t<div class=\"elementor-column elementor-col-100 elementor-top-column elementor-element elementor-element-b050cf8\" data-id=\"b050cf8\" data-element_type=\"column\">\n\t\t\t<div class=\"elementor-widget-wrap elementor-element-populated\">\n\t\t\t\t\t\t\t\t<div class=\"elementor-element elementor-element-aad9f68 elementor-widget elementor-widget-spacer\" data-id=\"aad9f68\" data-element_type=\"widget\" data-widget_type=\"spacer.default\">\n\t\t\t\t<div class=\"elementor-widget-container\">\n\t\t\t<style>\/*! elementor - v3.15.0 - 20-08-2023 *\/\n.elementor-column .elementor-spacer-inner{height:var(--spacer-size)}.e-con{--container-widget-width:100%}.e-con-inner>.elementor-widget-spacer,.e-con>.elementor-widget-spacer{width:var(--container-widget-width,var(--spacer-size));--align-self:var(--container-widget-align-self,initial);--flex-shrink:0}.e-con-inner>.elementor-widget-spacer>.elementor-widget-container,.e-con-inner>.elementor-widget-spacer>.elementor-widget-container>.elementor-spacer,.e-con>.elementor-widget-spacer>.elementor-widget-container,.e-con>.elementor-widget-spacer>.elementor-widget-container>.elementor-spacer{height:100%}.e-con-inner>.elementor-widget-spacer>.elementor-widget-container>.elementor-spacer>.elementor-spacer-inner,.e-con>.elementor-widget-spacer>.elementor-widget-container>.elementor-spacer>.elementor-spacer-inner{height:var(--container-widget-height,var(--spacer-size))}<\/style>\t\t<div class=\"elementor-spacer\">\n\t\t\t<div class=\"elementor-spacer-inner\"><\/div>\n\t\t<\/div>\n\t\t\t\t<\/div>\n\t\t\t\t<\/div>\n\t\t\t\t<div class=\"elementor-element elementor-element-4540ac0 eael-product-grid-column-3 animated-slow elementor-invisible elementor-widget elementor-widget-eicon-woocommerce\" data-id=\"4540ac0\" data-element_type=\"widget\" data-settings=\"{&quot;_animation&quot;:&quot;fadeIn&quot;}\" data-widget_type=\"eicon-woocommerce.default\">\n\t\t\t\t<div class=\"elementor-widget-container\">\n\t\t\t\n        <div class=\"eael-product-grid eael-product-reveal grid\" id=\"eael-product-grid\" data-widget-id=\"4540ac0\" data-page-id=\"13\" data-nonce=\"e55a66db32\" >\n            <div class=\"woocommerce\">\n                <ul class=\"products\" data-layout-mode=\"grid\">    <li class=\"product \">\n\t\t        <div class=\"eael-product-wrap\">\n\t\t\t<img decoding=\"async\" width=\"300\" height=\"300\" src=\"https:\/\/www.noiretblancstudio.com\/wp-content\/uploads\/2022\/04\/plexi-collage-300x300.jpg\" class=\"attachment-woocommerce_thumbnail size-woocommerce_thumbnail wvs-archive-product-image\" alt=\"\" loading=\"eager\" \/><div class=\"eael-product-title\">\n            <a href=\"https:\/\/www.noiretblancstudio.com\/index.php\/produit\/contre-collee-sous-plexi\/\" class=\"woocommerce-LoopProduct-link woocommerce-loop-product__link\"><h2 class=\"woocommerce-loop-product__title\">Contre Coll\u00e9e sous Plexi<\/h2><\/a>\n            <\/div><div class=\"eael-product-price\"><span class=\"woocommerce-Price-amount amount\"><bdi><span class=\"woocommerce-Price-currencySymbol\">&euro;<\/span>129.00<\/bdi><\/span> &ndash; <span class=\"woocommerce-Price-amount amount\"><bdi><span class=\"woocommerce-Price-currencySymbol\">&euro;<\/span>209.00<\/bdi><\/span><\/div>\t\t\t<a href=\"https:\/\/www.noiretblancstudio.com\/index.php\/produit\/contre-collee-sous-plexi\/\" data-quantity=\"1\" class=\"button product_type_variable add_to_cart_button\" data-product_id=\"975\" data-product_sku=\"\" aria-label=\"S\u00e9lectionner les options pour &ldquo;Contre Coll\u00e9e sous Plexi&rdquo;\" aria-describedby=\"Ce produit a plusieurs variations. Les options peuvent \u00eatre choisies sur la page du produit\" rel=\"nofollow\">Choix des options<\/a>\t\t\t\n        <\/div>\n\n    <\/li>\n\t    <li class=\"product \">\n\t\t        <div class=\"eael-product-wrap\">\n\t\t\t<img decoding=\"async\" width=\"300\" height=\"300\" src=\"https:\/\/www.noiretblancstudio.com\/wp-content\/uploads\/2022\/04\/pexels-cottonbro-4065894-300x300.jpg\" class=\"attachment-woocommerce_thumbnail size-woocommerce_thumbnail wvs-archive-product-image\" alt=\"\" loading=\"eager\" \/><div class=\"eael-product-title\">\n            <a href=\"https:\/\/www.noiretblancstudio.com\/index.php\/produit\/mug\/\" class=\"woocommerce-LoopProduct-link woocommerce-loop-product__link\"><h2 class=\"woocommerce-loop-product__title\">Mug<\/h2><\/a>\n            <\/div><div class=\"eael-product-price\"><span class=\"woocommerce-Price-amount amount\"><bdi><span class=\"woocommerce-Price-currencySymbol\">&euro;<\/span>15.00<\/bdi><\/span><\/div>\t\t\t<a href=\"?add-to-cart=974\" data-quantity=\"1\" class=\"button product_type_simple add_to_cart_button ajax_add_to_cart\" data-product_id=\"974\" data-product_sku=\"\" aria-label=\"Ajouter &ldquo;Mug&rdquo; \u00e0 votre panier\" aria-describedby=\"\" rel=\"nofollow\">Ajouter au panier<\/a>\t\t\t\n        <\/div>\n\n    <\/li>\n\t    <li class=\"product \">\n\t\t        <div class=\"eael-product-wrap\">\n\t\t\t<img decoding=\"async\" width=\"300\" height=\"300\" src=\"https:\/\/www.noiretblancstudio.com\/wp-content\/uploads\/2022\/04\/photo-sur-toile-vue-d-ensemble-93314b5913-300x300.jpg\" class=\"attachment-woocommerce_thumbnail size-woocommerce_thumbnail wvs-archive-product-image\" alt=\"\" loading=\"eager\" \/><div class=\"eael-product-title\">\n            <a href=\"https:\/\/www.noiretblancstudio.com\/index.php\/produit\/photo-sur-toile\/\" class=\"woocommerce-LoopProduct-link woocommerce-loop-product__link\"><h2 class=\"woocommerce-loop-product__title\">Photo sur toile<\/h2><\/a>\n            <\/div><div class=\"eael-product-price\"><span class=\"woocommerce-Price-amount amount\"><bdi><span class=\"woocommerce-Price-currencySymbol\">&euro;<\/span>69.00<\/bdi><\/span> &ndash; <span class=\"woocommerce-Price-amount amount\"><bdi><span class=\"woocommerce-Price-currencySymbol\">&euro;<\/span>99.00<\/bdi><\/span><\/div>\t\t\t<a href=\"https:\/\/www.noiretblancstudio.com\/index.php\/produit\/photo-sur-toile\/\" data-quantity=\"1\" class=\"button product_type_variable add_to_cart_button\" data-product_id=\"970\" data-product_sku=\"\" aria-label=\"S\u00e9lectionner les options pour &ldquo;Photo sur toile&rdquo;\" aria-describedby=\"Ce produit a plusieurs variations. Les options peuvent \u00eatre choisies sur la page du produit\" rel=\"nofollow\">Choix des options<\/a>\t\t\t\n        <\/div>\n\n    <\/li>\n\t    <li class=\"product \">\n\t\t        <div class=\"eael-product-wrap\">\n\t\t\t<img decoding=\"async\" width=\"300\" height=\"300\" src=\"https:\/\/www.noiretblancstudio.com\/wp-content\/uploads\/2022\/04\/pexels-sarah-dorweiler-8408540-300x300.jpg\" class=\"attachment-woocommerce_thumbnail size-woocommerce_thumbnail wvs-archive-product-image\" alt=\"\" loading=\"eager\" \/><div class=\"eael-product-title\">\n            <a href=\"https:\/\/www.noiretblancstudio.com\/index.php\/produit\/livre-photo\/\" class=\"woocommerce-LoopProduct-link woocommerce-loop-product__link\"><h2 class=\"woocommerce-loop-product__title\">Livre Photo<\/h2><\/a>\n            <\/div><div class=\"eael-product-price\"><span class=\"woocommerce-Price-amount amount\"><bdi><span class=\"woocommerce-Price-currencySymbol\">&euro;<\/span>79.00<\/bdi><\/span> &ndash; <span class=\"woocommerce-Price-amount amount\"><bdi><span class=\"woocommerce-Price-currencySymbol\">&euro;<\/span>109.00<\/bdi><\/span><\/div>\t\t\t<a href=\"https:\/\/www.noiretblancstudio.com\/index.php\/produit\/livre-photo\/\" data-quantity=\"1\" class=\"button product_type_variable add_to_cart_button\" data-product_id=\"966\" data-product_sku=\"\" aria-label=\"S\u00e9lectionner les options pour &ldquo;Livre Photo&rdquo;\" aria-describedby=\"Ce produit a plusieurs variations. Les options peuvent \u00eatre choisies sur la page du produit\" rel=\"nofollow\">Choix des options<\/a>\t\t\t\n        <\/div>\n\n    <\/li>\n\t    <li class=\"product \">\n\t\t        <div class=\"eael-product-wrap\">\n\t\t\t<img decoding=\"async\" width=\"300\" height=\"300\" src=\"https:\/\/www.noiretblancstudio.com\/wp-content\/uploads\/2022\/02\/pexels-harper-sunday-3130269-1-300x300.jpg\" class=\"attachment-woocommerce_thumbnail size-woocommerce_thumbnail wvs-archive-product-image\" alt=\"\" loading=\"eager\" \/><div class=\"eael-product-title\">\n            <a href=\"https:\/\/www.noiretblancstudio.com\/index.php\/produit\/tirage-photo-minute\/\" class=\"woocommerce-LoopProduct-link woocommerce-loop-product__link\"><h2 class=\"woocommerce-loop-product__title\">Tirage Photo Minute<\/h2><\/a>\n            <\/div><div class=\"eael-product-price\"><span class=\"woocommerce-Price-amount amount\"><bdi><span class=\"woocommerce-Price-currencySymbol\">&euro;<\/span>1.00<\/bdi><\/span> &ndash; <span class=\"woocommerce-Price-amount amount\"><bdi><span class=\"woocommerce-Price-currencySymbol\">&euro;<\/span>34.90<\/bdi><\/span><\/div>\t\t\t<a href=\"https:\/\/www.noiretblancstudio.com\/index.php\/produit\/tirage-photo-minute\/\" data-quantity=\"1\" class=\"button product_type_variable add_to_cart_button\" data-product_id=\"852\" data-product_sku=\"\" aria-label=\"S\u00e9lectionner les options pour &ldquo;Tirage Photo Minute&rdquo;\" aria-describedby=\"Ce produit a plusieurs variations. Les options peuvent \u00eatre choisies sur la page du produit\" rel=\"nofollow\">Choix des options<\/a>\t\t\t\n        <\/div>\n\n    <\/li>\n\t<\/ul>            <\/div>\n        <\/div>\n\n        <script type=\"text\/javascript\">\n            jQuery(document).ready(function($) {\n                var $scope = jQuery(\".elementor-element-4540ac0\");\n                var $products = $('.products', $scope);\n                var $layout_mode = $products.data('layout-mode');\n                \n                if ( $layout_mode === 'masonry' ) {\n                    \/\/ init isotope\n                    var $isotope_products = $products.isotope({\n                        itemSelector: \"li.product\",\n                        layoutMode: $layout_mode,\n                        percentPosition: true\n                    });\n\n                    $isotope_products.imagesLoaded().progress( function() {\n                        $isotope_products.isotope('layout');\n                    })\n                    \n                }\n            });\n        <\/script>\n        \t\t<\/div>\n\t\t\t\t<\/div>\n\t\t\t\t\t<\/div>\n\t\t<\/div>\n\t\t\t\t\t\t\t<\/div>\n\t\t<\/section>\n\t\t\t\t\t\t\t<\/div>\n\t\t","protected":false},"excerpt":{"rendered":"<p>Produits Vous souhaitez immortaliser vos photos \u00e0 travers d&rsquo;objets ? Chez Noir et Blanc Studio, d\u00e9couvrez les produits que vous pouvez personnaliser ! Contre Coll\u00e9e sous Plexi &euro;129,00 &ndash; &euro;209,00 Choix des options Mug &euro;15,00 Ajouter au panier Photo sur toile &euro;69,00 &ndash; &euro;99,00 Choix des options Livre Photo &euro;79,00 &ndash; &euro;109,00 Choix des options &hellip;<\/p>\n<p class=\"read-more\"> <a class=\"\" href=\"https:\/\/www.noiretblancstudio.com\/index.php\/produit\/tirage-photo-minute\/\"> <span class=\"screen-reader-text\">Tirage Photo Minute<\/span> Lire la suite\u00a0\u00bb<\/a><\/p>\n","protected":false},"author":1,"featured_media":0,"parent":0,"menu_order":0,"comment_status":"closed","ping_status":"closed","template":"","meta":{"site-sidebar-layout":"no-sidebar","site-content-layout":"page-builder","ast-global-header-display":"","ast-banner-title-visibility":"","ast-main-header-display":"","ast-hfb-above-header-display":"","ast-hfb-below-header-display":"","ast-hfb-mobile-header-display":"","site-post-title":"disabled","ast-breadcrumbs-content":"","ast-featured-img":"disabled","footer-sml-layout":"","theme-transparent-header-meta":"","adv-header-id-meta":"","stick-header-meta":"","header-above-stick-meta":"","header-main-stick-meta":"","header-below-stick-meta":""},"yoast_head":"<!-- This site is optimized with the Yoast SEO plugin v21.1 - https:\/\/yoast.com\/wordpress\/plugins\/seo\/ -->\n<title>Boutique - Noir &amp; Blanc Studio<\/title>\n<meta name=\"robots\" content=\"index, follow, max-snippet:-1, max-image-preview:large, max-video-preview:-1\" \/>\n<link rel=\"canonical\" href=\"https:\/\/www.noiretblancstudio.com\/index.php\/boutique\/\" \/>\n<meta property=\"og:locale\" content=\"fr_FR\" \/>\n<meta property=\"og:type\" content=\"article\" \/>\n<meta property=\"og:title\" content=\"Boutique - Noir &amp; Blanc Studio\" \/>\n<meta property=\"og:description\" content=\"Produits Vous souhaitez immortaliser vos photos \u00e0 travers d&rsquo;objets ? Chez Noir et Blanc Studio, d\u00e9couvrez les produits que vous pouvez personnaliser ! Contre Coll\u00e9e sous Plexi &euro;129,00 &ndash; &euro;209,00 Choix des options Mug &euro;15,00 Ajouter au panier Photo sur toile &euro;69,00 &ndash; &euro;99,00 Choix des options Livre Photo &euro;79,00 &ndash; &euro;109,00 Choix des options &hellip; Tirage Photo Minute Lire la suite\u00a0\u00bb\" \/>\n<meta property=\"og:url\" content=\"https:\/\/www.noiretblancstudio.com\/index.php\/boutique\/\" \/>\n<meta property=\"og:site_name\" content=\"Noir &amp; Blanc Studio\" \/>\n<meta property=\"article:modified_time\" content=\"2022-06-23T15:57:21+00:00\" \/>\n<meta property=\"og:image\" content=\"http:\/\/www.noiretblancstudio.com\/wp-content\/uploads\/2022\/04\/plexi-collage-300x300.jpg\" \/>\n<meta name=\"twitter:card\" content=\"summary_large_image\" \/>\n<meta name=\"twitter:label1\" content=\"Dur\u00e9e de lecture estim\u00e9e\" \/>\n\t<meta name=\"twitter:data1\" content=\"2 minutes\" \/>\n<script type=\"application\/ld+json\" class=\"yoast-schema-graph\">{\"@context\":\"https:\/\/schema.org\",\"@graph\":[{\"@type\":\"WebPage\",\"@id\":\"https:\/\/www.noiretblancstudio.com\/index.php\/boutique\/\",\"url\":\"https:\/\/www.noiretblancstudio.com\/index.php\/boutique\/\",\"name\":\"Boutique - Noir &amp; Blanc Studio\",\"isPartOf\":{\"@id\":\"https:\/\/www.noiretblancstudio.com\/#website\"},\"datePublished\":\"2021-12-22T16:00:23+00:00\",\"dateModified\":\"2022-06-23T15:57:21+00:00\",\"breadcrumb\":{\"@id\":\"https:\/\/www.noiretblancstudio.com\/index.php\/boutique\/#breadcrumb\"},\"inLanguage\":\"fr-FR\",\"potentialAction\":[{\"@type\":\"ReadAction\",\"target\":[\"https:\/\/www.noiretblancstudio.com\/index.php\/boutique\/\"]}]},{\"@type\":\"BreadcrumbList\",\"@id\":\"https:\/\/www.noiretblancstudio.com\/index.php\/boutique\/#breadcrumb\",\"itemListElement\":[{\"@type\":\"ListItem\",\"position\":1,\"name\":\"Accueil\",\"item\":\"https:\/\/www.noiretblancstudio.com\/\"},{\"@type\":\"ListItem\",\"position\":2,\"name\":\"Boutique\"}]},{\"@type\":\"WebSite\",\"@id\":\"https:\/\/www.noiretblancstudio.com\/#website\",\"url\":\"https:\/\/www.noiretblancstudio.com\/\",\"name\":\"Noir &amp; Blanc Studio\",\"description\":\"Votre studio photo \u00e0 Villeurbanne\",\"publisher\":{\"@id\":\"https:\/\/www.noiretblancstudio.com\/#organization\"},\"potentialAction\":[{\"@type\":\"SearchAction\",\"target\":{\"@type\":\"EntryPoint\",\"urlTemplate\":\"https:\/\/www.noiretblancstudio.com\/?s={search_term_string}\"},\"query-input\":\"required name=search_term_string\"}],\"inLanguage\":\"fr-FR\"},{\"@type\":\"Organization\",\"@id\":\"https:\/\/www.noiretblancstudio.com\/#organization\",\"name\":\"Noir &amp; Blanc Studio\",\"url\":\"https:\/\/www.noiretblancstudio.com\/\",\"logo\":{\"@type\":\"ImageObject\",\"inLanguage\":\"fr-FR\",\"@id\":\"https:\/\/www.noiretblancstudio.com\/#\/schema\/logo\/image\/\",\"url\":\"https:\/\/www.noiretblancstudio.com\/wp-content\/uploads\/2021\/12\/cropped-noir__blanc_logonew.png\",\"contentUrl\":\"https:\/\/www.noiretblancstudio.com\/wp-content\/uploads\/2021\/12\/cropped-noir__blanc_logonew.png\",\"width\":512,\"height\":512,\"caption\":\"Noir &amp; Blanc Studio\"},\"image\":{\"@id\":\"https:\/\/www.noiretblancstudio.com\/#\/schema\/logo\/image\/\"}}]}<\/script>\n<!-- \/ Yoast SEO plugin. -->","yoast_head_json":{"title":"Boutique - Noir &amp; Blanc Studio","robots":{"index":"index","follow":"follow","max-snippet":"max-snippet:-1","max-image-preview":"max-image-preview:large","max-video-preview":"max-video-preview:-1"},"canonical":"https:\/\/www.noiretblancstudio.com\/index.php\/boutique\/","og_locale":"fr_FR","og_type":"article","og_title":"Boutique - Noir &amp; Blanc Studio","og_description":"Produits Vous souhaitez immortaliser vos photos \u00e0 travers d&rsquo;objets ? Chez Noir et Blanc Studio, d\u00e9couvrez les produits que vous pouvez personnaliser ! Contre Coll\u00e9e sous Plexi &euro;129,00 &ndash; &euro;209,00 Choix des options Mug &euro;15,00 Ajouter au panier Photo sur toile &euro;69,00 &ndash; &euro;99,00 Choix des options Livre Photo &euro;79,00 &ndash; &euro;109,00 Choix des options &hellip; Tirage Photo Minute Lire la suite\u00a0\u00bb","og_url":"https:\/\/www.noiretblancstudio.com\/index.php\/boutique\/","og_site_name":"Noir &amp; Blanc Studio","article_modified_time":"2022-06-23T15:57:21+00:00","og_image":[{"url":"http:\/\/www.noiretblancstudio.com\/wp-content\/uploads\/2022\/04\/plexi-collage-300x300.jpg"}],"twitter_card":"summary_large_image","twitter_misc":{"Dur\u00e9e de lecture estim\u00e9e":"2 minutes"},"schema":{"@context":"https:\/\/schema.org","@graph":[{"@type":"WebPage","@id":"https:\/\/www.noiretblancstudio.com\/index.php\/boutique\/","url":"https:\/\/www.noiretblancstudio.com\/index.php\/boutique\/","name":"Boutique - Noir &amp; Blanc Studio","isPartOf":{"@id":"https:\/\/www.noiretblancstudio.com\/#website"},"datePublished":"2021-12-22T16:00:23+00:00","dateModified":"2022-06-23T15:57:21+00:00","breadcrumb":{"@id":"https:\/\/www.noiretblancstudio.com\/index.php\/boutique\/#breadcrumb"},"inLanguage":"fr-FR","potentialAction":[{"@type":"ReadAction","target":["https:\/\/www.noiretblancstudio.com\/index.php\/boutique\/"]}]},{"@type":"BreadcrumbList","@id":"https:\/\/www.noiretblancstudio.com\/index.php\/boutique\/#breadcrumb","itemListElement":[{"@type":"ListItem","position":1,"name":"Accueil","item":"https:\/\/www.noiretblancstudio.com\/"},{"@type":"ListItem","position":2,"name":"Boutique"}]},{"@type":"WebSite","@id":"https:\/\/www.noiretblancstudio.com\/#website","url":"https:\/\/www.noiretblancstudio.com\/","name":"Noir &amp; Blanc Studio","description":"Votre studio photo \u00e0 Villeurbanne","publisher":{"@id":"https:\/\/www.noiretblancstudio.com\/#organization"},"potentialAction":[{"@type":"SearchAction","target":{"@type":"EntryPoint","urlTemplate":"https:\/\/www.noiretblancstudio.com\/?s={search_term_string}"},"query-input":"required name=search_term_string"}],"inLanguage":"fr-FR"},{"@type":"Organization","@id":"https:\/\/www.noiretblancstudio.com\/#organization","name":"Noir &amp; Blanc Studio","url":"https:\/\/www.noiretblancstudio.com\/","logo":{"@type":"ImageObject","inLanguage":"fr-FR","@id":"https:\/\/www.noiretblancstudio.com\/#\/schema\/logo\/image\/","url":"https:\/\/www.noiretblancstudio.com\/wp-content\/uploads\/2021\/12\/cropped-noir__blanc_logonew.png","contentUrl":"https:\/\/www.noiretblancstudio.com\/wp-content\/uploads\/2021\/12\/cropped-noir__blanc_logonew.png","width":512,"height":512,"caption":"Noir &amp; Blanc Studio"},"image":{"@id":"https:\/\/www.noiretblancstudio.com\/#\/schema\/logo\/image\/"}}]}},"_links":{"self":[{"href":"https:\/\/www.noiretblancstudio.com\/index.php\/wp-json\/wp\/v2\/pages\/13"}],"collection":[{"href":"https:\/\/www.noiretblancstudio.com\/index.php\/wp-json\/wp\/v2\/pages"}],"about":[{"href":"https:\/\/www.noiretblancstudio.com\/index.php\/wp-json\/wp\/v2\/types\/page"}],"author":[{"embeddable":true,"href":"https:\/\/www.noiretblancstudio.com\/index.php\/wp-json\/wp\/v2\/users\/1"}],"replies":[{"embeddable":true,"href":"https:\/\/www.noiretblancstudio.com\/index.php\/wp-json\/wp\/v2\/comments?post=13"}],"version-history":[{"count":24,"href":"https:\/\/www.noiretblancstudio.com\/index.php\/wp-json\/wp\/v2\/pages\/13\/revisions"}],"predecessor-version":[{"id":1414,"href":"https:\/\/www.noiretblancstudio.com\/index.php\/wp-json\/wp\/v2\/pages\/13\/revisions\/1414"}],"wp:attachment":[{"href":"https:\/\/www.noiretblancstudio.com\/index.php\/wp-json\/wp\/v2\/media?parent=13"}],"curies":[{"name":"wp","href":"https:\/\/api.w.org\/{rel}","templated":true}]}}