{"id":943,"date":"2022-04-07T15:56:16","date_gmt":"2022-04-07T13:56:16","guid":{"rendered":"http:\/\/www.noiretblancstudio.com\/?page_id=943"},"modified":"2022-04-25T16:35:45","modified_gmt":"2022-04-25T14:35:45","slug":"votre-equipe","status":"publish","type":"page","link":"https:\/\/www.noiretblancstudio.com\/index.php\/votre-equipe\/","title":{"rendered":"Votre \u00e9quipe"},"content":{"rendered":"\t\t<div data-elementor-type=\"wp-page\" data-elementor-id=\"943\" class=\"elementor elementor-943\">\n\t\t\t\t\t\t\t\t\t<section class=\"elementor-section elementor-top-section elementor-element elementor-element-c87a43d elementor-section-boxed elementor-section-height-default elementor-section-height-default\" data-id=\"c87a43d\" data-element_type=\"section\" data-settings=\"{&quot;background_background&quot;:&quot;classic&quot;}\">\n\t\t\t\t\t\t\t<div class=\"elementor-background-overlay\"><\/div>\n\t\t\t\t\t\t\t<div class=\"elementor-container elementor-column-gap-default\">\n\t\t\t\t\t<div class=\"elementor-column elementor-col-100 elementor-top-column elementor-element elementor-element-62c3f4b\" data-id=\"62c3f4b\" data-element_type=\"column\">\n\t\t\t<div class=\"elementor-widget-wrap elementor-element-populated\">\n\t\t\t\t\t\t\t\t<div class=\"elementor-element elementor-element-8a6b164 animated-slow elementor-invisible elementor-widget elementor-widget-heading\" data-id=\"8a6b164\" data-element_type=\"widget\" data-settings=\"{&quot;_animation&quot;:&quot;zoomIn&quot;}\" data-widget_type=\"heading.default\">\n\t\t\t\t<div class=\"elementor-widget-container\">\n\t\t\t<style>\/*! elementor - v3.15.0 - 20-08-2023 *\/\n.elementor-heading-title{padding:0;margin:0;line-height:1}.elementor-widget-heading .elementor-heading-title[class*=elementor-size-]>a{color:inherit;font-size:inherit;line-height:inherit}.elementor-widget-heading .elementor-heading-title.elementor-size-small{font-size:15px}.elementor-widget-heading .elementor-heading-title.elementor-size-medium{font-size:19px}.elementor-widget-heading .elementor-heading-title.elementor-size-large{font-size:29px}.elementor-widget-heading .elementor-heading-title.elementor-size-xl{font-size:39px}.elementor-widget-heading .elementor-heading-title.elementor-size-xxl{font-size:59px}<\/style><h1 class=\"elementor-heading-title elementor-size-default\">L'\u00e9quipe<\/h1>\t\t<\/div>\n\t\t\t\t<\/div>\n\t\t\t\t<div class=\"elementor-element elementor-element-cb5b624 elementor-widget elementor-widget-text-editor\" data-id=\"cb5b624\" data-element_type=\"widget\" data-widget_type=\"text-editor.default\">\n\t\t\t\t<div class=\"elementor-widget-container\">\n\t\t\t<style>\/*! elementor - v3.15.0 - 20-08-2023 *\/\n.elementor-widget-text-editor.elementor-drop-cap-view-stacked .elementor-drop-cap{background-color:#69727d;color:#fff}.elementor-widget-text-editor.elementor-drop-cap-view-framed .elementor-drop-cap{color:#69727d;border:3px solid;background-color:transparent}.elementor-widget-text-editor:not(.elementor-drop-cap-view-default) .elementor-drop-cap{margin-top:8px}.elementor-widget-text-editor:not(.elementor-drop-cap-view-default) .elementor-drop-cap-letter{width:1em;height:1em}.elementor-widget-text-editor .elementor-drop-cap{float:left;text-align:center;line-height:1;font-size:50px}.elementor-widget-text-editor .elementor-drop-cap-letter{display:inline-block}<\/style>\t\t\t\t<p>Retrouvez l&rsquo;ensemble de nos r\u00e9alisations et productions. Vous souhaitez r\u00e9aliser une s\u00e9ance photo ?\u00a0<\/p>\t\t\t\t\t\t<\/div>\n\t\t\t\t<\/div>\n\t\t\t\t\t<\/div>\n\t\t<\/div>\n\t\t\t\t\t\t\t<\/div>\n\t\t<\/section>\n\t\t\t\t<section class=\"elementor-section elementor-top-section elementor-element elementor-element-44ad2ff elementor-section-full_width elementor-hidden-tablet elementor-hidden-mobile elementor-section-height-default elementor-section-height-default\" data-id=\"44ad2ff\" data-element_type=\"section\">\n\t\t\t\t\t\t<div class=\"elementor-container elementor-column-gap-custom\">\n\t\t\t\t\t<div class=\"elementor-column elementor-col-33 elementor-top-column elementor-element elementor-element-1040a9d\" data-id=\"1040a9d\" data-element_type=\"column\" data-settings=\"{&quot;background_background&quot;:&quot;classic&quot;}\">\n\t\t\t<div class=\"elementor-widget-wrap elementor-element-populated\">\n\t\t\t\t\t\t\t\t<div class=\"elementor-element elementor-element-81a2792 elementor-widget elementor-widget-spacer\" data-id=\"81a2792\" data-element_type=\"widget\" data-widget_type=\"spacer.default\">\n\t\t\t\t<div class=\"elementor-widget-container\">\n\t\t\t<style>\/*! elementor - v3.15.0 - 20-08-2023 *\/\n.elementor-column .elementor-spacer-inner{height:var(--spacer-size)}.e-con{--container-widget-width:100%}.e-con-inner>.elementor-widget-spacer,.e-con>.elementor-widget-spacer{width:var(--container-widget-width,var(--spacer-size));--align-self:var(--container-widget-align-self,initial);--flex-shrink:0}.e-con-inner>.elementor-widget-spacer>.elementor-widget-container,.e-con-inner>.elementor-widget-spacer>.elementor-widget-container>.elementor-spacer,.e-con>.elementor-widget-spacer>.elementor-widget-container,.e-con>.elementor-widget-spacer>.elementor-widget-container>.elementor-spacer{height:100%}.e-con-inner>.elementor-widget-spacer>.elementor-widget-container>.elementor-spacer>.elementor-spacer-inner,.e-con>.elementor-widget-spacer>.elementor-widget-container>.elementor-spacer>.elementor-spacer-inner{height:var(--container-widget-height,var(--spacer-size))}<\/style>\t\t<div class=\"elementor-spacer\">\n\t\t\t<div class=\"elementor-spacer-inner\"><\/div>\n\t\t<\/div>\n\t\t\t\t<\/div>\n\t\t\t\t<\/div>\n\t\t\t\t\t<\/div>\n\t\t<\/div>\n\t\t\t\t<div class=\"elementor-column elementor-col-33 elementor-top-column elementor-element elementor-element-20713ae\" data-id=\"20713ae\" data-element_type=\"column\" data-settings=\"{&quot;background_background&quot;:&quot;classic&quot;}\">\n\t\t\t<div class=\"elementor-widget-wrap\">\n\t\t\t\t\t\t\t\t\t<\/div>\n\t\t<\/div>\n\t\t\t\t<div class=\"elementor-column elementor-col-33 elementor-top-column elementor-element elementor-element-0af2be7\" data-id=\"0af2be7\" data-element_type=\"column\" data-settings=\"{&quot;background_background&quot;:&quot;classic&quot;}\">\n\t\t\t<div class=\"elementor-widget-wrap\">\n\t\t\t\t\t\t\t\t\t<\/div>\n\t\t<\/div>\n\t\t\t\t\t\t\t<\/div>\n\t\t<\/section>\n\t\t\t\t<section class=\"elementor-section elementor-top-section elementor-element elementor-element-67e4cfa elementor-section-full_width elementor-section-height-default elementor-section-height-default\" data-id=\"67e4cfa\" data-element_type=\"section\">\n\t\t\t\t\t\t<div class=\"elementor-container elementor-column-gap-default\">\n\t\t\t\t\t<div class=\"elementor-column elementor-col-33 elementor-top-column elementor-element elementor-element-fd78372\" data-id=\"fd78372\" data-element_type=\"column\">\n\t\t\t<div class=\"elementor-widget-wrap elementor-element-populated\">\n\t\t\t\t\t\t\t\t<div class=\"elementor-element elementor-element-203f860 elementor-invisible elementor-widget elementor-widget-text-editor\" data-id=\"203f860\" data-element_type=\"widget\" data-settings=\"{&quot;_animation&quot;:&quot;slideInUp&quot;}\" data-widget_type=\"text-editor.default\">\n\t\t\t\t<div class=\"elementor-widget-container\">\n\t\t\t\t\t\t\t<p><strong>Lamy GOMES, photographe vid\u00e9aste nomm\u00e9 le Padawan et co-fondateur du Noir &amp; Blanc Studio\u00a0<\/strong><\/p><p>Sp\u00e9cialis\u00e9 dans la vid\u00e9o depuis 2009,\u00a0 il saura mettre en avant vos projets audiovisuels et \u00e9v\u00e9nements familiaux avec passion !<\/p>\t\t\t\t\t\t<\/div>\n\t\t\t\t<\/div>\n\t\t\t\t\t<\/div>\n\t\t<\/div>\n\t\t\t\t<div class=\"elementor-column elementor-col-33 elementor-top-column elementor-element elementor-element-d4e04a9\" data-id=\"d4e04a9\" data-element_type=\"column\">\n\t\t\t<div class=\"elementor-widget-wrap elementor-element-populated\">\n\t\t\t\t\t\t\t\t<div class=\"elementor-element elementor-element-c4be1f5 elementor-invisible elementor-widget elementor-widget-text-editor\" data-id=\"c4be1f5\" data-element_type=\"widget\" data-settings=\"{&quot;_animation&quot;:&quot;slideInUp&quot;}\" data-widget_type=\"text-editor.default\">\n\t\t\t\t<div class=\"elementor-widget-container\">\n\t\t\t\t\t\t\t<p><strong>Dominique ANGLIO photographe passionn\u00e9 depuis 2007,&nbsp;<br><\/strong><strong style=\"font-style: inherit;\">co-fondateur du Noir &amp; Blanc Studio.<\/strong><\/p>\n<p>La photographie n&rsquo;a aucun secret pour lui, il allie technique et \u00e9motion pour que vos photos soient toujours \u00e0 votre image.&nbsp;<\/p>\t\t\t\t\t\t<\/div>\n\t\t\t\t<\/div>\n\t\t\t\t\t<\/div>\n\t\t<\/div>\n\t\t\t\t<div class=\"elementor-column elementor-col-33 elementor-top-column elementor-element elementor-element-908dcf7\" data-id=\"908dcf7\" data-element_type=\"column\">\n\t\t\t<div class=\"elementor-widget-wrap elementor-element-populated\">\n\t\t\t\t\t\t\t\t<div class=\"elementor-element elementor-element-579c63c elementor-invisible elementor-widget elementor-widget-text-editor\" data-id=\"579c63c\" data-element_type=\"widget\" data-settings=\"{&quot;_animation&quot;:&quot;slideInUp&quot;}\" data-widget_type=\"text-editor.default\">\n\t\t\t\t<div class=\"elementor-widget-container\">\n\t\t\t\t\t\t\t<p><strong>Jeremy FREGUIN photographe\u00a0d\u00e9vou\u00e9 depuis 2007,\u00a0<\/strong><\/p><p><span style=\"font-style: inherit;\">Esprit\u00a0<\/span>cr\u00e9atif, polyvalent et passionn\u00e9 par la photographie, il est un \u00e9l\u00e9ment essentiel de notre \u00e9quipe !<\/p>\t\t\t\t\t\t<\/div>\n\t\t\t\t<\/div>\n\t\t\t\t\t<\/div>\n\t\t<\/div>\n\t\t\t\t\t\t\t<\/div>\n\t\t<\/section>\n\t\t\t\t<section class=\"elementor-section elementor-top-section elementor-element elementor-element-32dc1e0 elementor-section-boxed elementor-section-height-default elementor-section-height-default\" data-id=\"32dc1e0\" data-element_type=\"section\">\n\t\t\t\t\t\t<div class=\"elementor-container elementor-column-gap-default\">\n\t\t\t\t\t<div class=\"elementor-column elementor-col-100 elementor-top-column elementor-element elementor-element-e879447\" data-id=\"e879447\" data-element_type=\"column\">\n\t\t\t<div class=\"elementor-widget-wrap elementor-element-populated\">\n\t\t\t\t\t\t\t\t<div class=\"elementor-element elementor-element-7e9f614 elementor-widget elementor-widget-text-editor\" data-id=\"7e9f614\" data-element_type=\"widget\" data-widget_type=\"text-editor.default\">\n\t\t\t\t<div class=\"elementor-widget-container\">\n\t\t\t\t\t\t\t<p>Votre satisfaction est notre priorit\u00e9<\/p>\t\t\t\t\t\t<\/div>\n\t\t\t\t<\/div>\n\t\t\t\t<div class=\"elementor-element elementor-element-53ffed9 elementor-align-center elementor-widget elementor-widget-button\" data-id=\"53ffed9\" data-element_type=\"widget\" data-widget_type=\"button.default\">\n\t\t\t\t<div class=\"elementor-widget-container\">\n\t\t\t\t\t<div class=\"elementor-button-wrapper\">\n\t\t\t<a class=\"elementor-button elementor-button-link elementor-size-sm elementor-animation-shrink\" href=\"http:\/\/www.noiretblancstudio.com\/index.php\/booking\/\">\n\t\t\t\t\t\t<span class=\"elementor-button-content-wrapper\">\n\t\t\t\t\t\t<span class=\"elementor-button-text\">D\u00e9couvrez nos services<\/span>\n\t\t<\/span>\n\t\t\t\t\t<\/a>\n\t\t<\/div>\n\t\t\t\t<\/div>\n\t\t\t\t<\/div>\n\t\t\t\t\t<\/div>\n\t\t<\/div>\n\t\t\t\t\t\t\t<\/div>\n\t\t<\/section>\n\t\t\t\t<section class=\"elementor-section elementor-top-section elementor-element elementor-element-f4b4a5b elementor-section-full_width elementor-section-height-default elementor-section-height-default\" data-id=\"f4b4a5b\" data-element_type=\"section\">\n\t\t\t\t\t\t<div class=\"elementor-container elementor-column-gap-default\">\n\t\t\t\t\t<div class=\"elementor-column elementor-col-100 elementor-top-column elementor-element elementor-element-d7557b5\" data-id=\"d7557b5\" data-element_type=\"column\">\n\t\t\t<div class=\"elementor-widget-wrap elementor-element-populated\">\n\t\t\t\t\t\t\t\t<div class=\"elementor-element elementor-element-c922f35 elementor-widget elementor-widget-spacer\" data-id=\"c922f35\" data-element_type=\"widget\" data-widget_type=\"spacer.default\">\n\t\t\t\t<div class=\"elementor-widget-container\">\n\t\t\t\t\t<div class=\"elementor-spacer\">\n\t\t\t<div class=\"elementor-spacer-inner\"><\/div>\n\t\t<\/div>\n\t\t\t\t<\/div>\n\t\t\t\t<\/div>\n\t\t\t\t<div class=\"elementor-element elementor-element-bf9abcc elementor-widget elementor-widget-google_maps\" data-id=\"bf9abcc\" data-element_type=\"widget\" data-widget_type=\"google_maps.default\">\n\t\t\t\t<div class=\"elementor-widget-container\">\n\t\t\t<style>\/*! elementor - v3.15.0 - 20-08-2023 *\/\n.elementor-widget-google_maps .elementor-widget-container{overflow:hidden}.elementor-widget-google_maps .elementor-custom-embed{line-height:0}.elementor-widget-google_maps iframe{height:300px}<\/style>\t\t<div class=\"elementor-custom-embed\">\n\t\t\t<iframe loading=\"lazy\"\n\t\t\t\t\tsrc=\"https:\/\/maps.google.com\/maps?q=18%20rue%20louis%20ducroize%20Villeurbanne&#038;t=m&#038;z=15&#038;output=embed&#038;iwloc=near\"\n\t\t\t\t\ttitle=\"18 rue louis ducroize Villeurbanne\"\n\t\t\t\t\taria-label=\"18 rue louis ducroize Villeurbanne\"\n\t\t\t><\/iframe>\n\t\t<\/div>\n\t\t\t\t<\/div>\n\t\t\t\t<\/div>\n\t\t\t\t\t<\/div>\n\t\t<\/div>\n\t\t\t\t\t\t\t<\/div>\n\t\t<\/section>\n\t\t\t\t\t\t\t<\/div>\n\t\t","protected":false},"excerpt":{"rendered":"<p>L&rsquo;\u00e9quipe Retrouvez l&rsquo;ensemble de nos r\u00e9alisations et productions. Vous souhaitez r\u00e9aliser une s\u00e9ance photo ?\u00a0 Lamy GOMES, photographe vid\u00e9aste nomm\u00e9 le Padawan et co-fondateur du Noir &amp; Blanc Studio\u00a0 Sp\u00e9cialis\u00e9 dans la vid\u00e9o depuis 2009,\u00a0 il saura mettre en avant vos projets audiovisuels et \u00e9v\u00e9nements familiaux avec passion ! Dominique ANGLIO photographe passionn\u00e9 depuis 2007,&nbsp;co-fondateur &hellip;<\/p>\n<p class=\"read-more\"> <a class=\"\" href=\"https:\/\/www.noiretblancstudio.com\/index.php\/votre-equipe\/\"> <span class=\"screen-reader-text\">Votre \u00e9quipe<\/span> Lire la suite\u00a0\u00bb<\/a><\/p>\n","protected":false},"author":1,"featured_media":0,"parent":0,"menu_order":0,"comment_status":"closed","ping_status":"closed","template":"","meta":{"site-sidebar-layout":"no-sidebar","site-content-layout":"page-builder","ast-global-header-display":"","ast-banner-title-visibility":"","ast-main-header-display":"","ast-hfb-above-header-display":"","ast-hfb-below-header-display":"","ast-hfb-mobile-header-display":"","site-post-title":"disabled","ast-breadcrumbs-content":"","ast-featured-img":"disabled","footer-sml-layout":"","theme-transparent-header-meta":"enabled","adv-header-id-meta":"","stick-header-meta":"","header-above-stick-meta":"","header-main-stick-meta":"","header-below-stick-meta":""},"yoast_head":"<!-- This site is optimized with the Yoast SEO plugin v21.1 - https:\/\/yoast.com\/wordpress\/plugins\/seo\/ -->\n<title>Votre \u00e9quipe - Noir &amp; Blanc Studio<\/title>\n<meta name=\"robots\" content=\"index, follow, max-snippet:-1, max-image-preview:large, max-video-preview:-1\" \/>\n<link rel=\"canonical\" href=\"https:\/\/www.noiretblancstudio.com\/index.php\/votre-equipe\/\" \/>\n<meta property=\"og:locale\" content=\"fr_FR\" \/>\n<meta property=\"og:type\" content=\"article\" \/>\n<meta property=\"og:title\" content=\"Votre \u00e9quipe - Noir &amp; Blanc Studio\" \/>\n<meta property=\"og:description\" content=\"L&rsquo;\u00e9quipe Retrouvez l&rsquo;ensemble de nos r\u00e9alisations et productions. Vous souhaitez r\u00e9aliser une s\u00e9ance photo ?\u00a0 Lamy GOMES, photographe vid\u00e9aste nomm\u00e9 le Padawan et co-fondateur du Noir &amp; Blanc Studio\u00a0 Sp\u00e9cialis\u00e9 dans la vid\u00e9o depuis 2009,\u00a0 il saura mettre en avant vos projets audiovisuels et \u00e9v\u00e9nements familiaux avec passion ! Dominique ANGLIO photographe passionn\u00e9 depuis 2007,&nbsp;co-fondateur &hellip; Votre \u00e9quipe Lire la suite\u00a0\u00bb\" \/>\n<meta property=\"og:url\" content=\"https:\/\/www.noiretblancstudio.com\/index.php\/votre-equipe\/\" \/>\n<meta property=\"og:site_name\" content=\"Noir &amp; Blanc Studio\" \/>\n<meta property=\"article:modified_time\" content=\"2022-04-25T14:35:45+00:00\" \/>\n<meta name=\"twitter:card\" content=\"summary_large_image\" \/>\n<meta name=\"twitter:label1\" content=\"Dur\u00e9e de lecture estim\u00e9e\" \/>\n\t<meta name=\"twitter:data1\" content=\"1 minute\" \/>\n<script type=\"application\/ld+json\" class=\"yoast-schema-graph\">{\"@context\":\"https:\/\/schema.org\",\"@graph\":[{\"@type\":\"WebPage\",\"@id\":\"https:\/\/www.noiretblancstudio.com\/index.php\/votre-equipe\/\",\"url\":\"https:\/\/www.noiretblancstudio.com\/index.php\/votre-equipe\/\",\"name\":\"Votre \u00e9quipe - Noir &amp; Blanc Studio\",\"isPartOf\":{\"@id\":\"https:\/\/www.noiretblancstudio.com\/#website\"},\"datePublished\":\"2022-04-07T13:56:16+00:00\",\"dateModified\":\"2022-04-25T14:35:45+00:00\",\"breadcrumb\":{\"@id\":\"https:\/\/www.noiretblancstudio.com\/index.php\/votre-equipe\/#breadcrumb\"},\"inLanguage\":\"fr-FR\",\"potentialAction\":[{\"@type\":\"ReadAction\",\"target\":[\"https:\/\/www.noiretblancstudio.com\/index.php\/votre-equipe\/\"]}]},{\"@type\":\"BreadcrumbList\",\"@id\":\"https:\/\/www.noiretblancstudio.com\/index.php\/votre-equipe\/#breadcrumb\",\"itemListElement\":[{\"@type\":\"ListItem\",\"position\":1,\"name\":\"Accueil\",\"item\":\"https:\/\/www.noiretblancstudio.com\/\"},{\"@type\":\"ListItem\",\"position\":2,\"name\":\"Votre \u00e9quipe\"}]},{\"@type\":\"WebSite\",\"@id\":\"https:\/\/www.noiretblancstudio.com\/#website\",\"url\":\"https:\/\/www.noiretblancstudio.com\/\",\"name\":\"Noir &amp; Blanc Studio\",\"description\":\"Votre studio photo \u00e0 Villeurbanne\",\"publisher\":{\"@id\":\"https:\/\/www.noiretblancstudio.com\/#organization\"},\"potentialAction\":[{\"@type\":\"SearchAction\",\"target\":{\"@type\":\"EntryPoint\",\"urlTemplate\":\"https:\/\/www.noiretblancstudio.com\/?s={search_term_string}\"},\"query-input\":\"required name=search_term_string\"}],\"inLanguage\":\"fr-FR\"},{\"@type\":\"Organization\",\"@id\":\"https:\/\/www.noiretblancstudio.com\/#organization\",\"name\":\"Noir &amp; Blanc Studio\",\"url\":\"https:\/\/www.noiretblancstudio.com\/\",\"logo\":{\"@type\":\"ImageObject\",\"inLanguage\":\"fr-FR\",\"@id\":\"https:\/\/www.noiretblancstudio.com\/#\/schema\/logo\/image\/\",\"url\":\"https:\/\/www.noiretblancstudio.com\/wp-content\/uploads\/2021\/12\/cropped-noir__blanc_logonew.png\",\"contentUrl\":\"https:\/\/www.noiretblancstudio.com\/wp-content\/uploads\/2021\/12\/cropped-noir__blanc_logonew.png\",\"width\":512,\"height\":512,\"caption\":\"Noir &amp; Blanc Studio\"},\"image\":{\"@id\":\"https:\/\/www.noiretblancstudio.com\/#\/schema\/logo\/image\/\"}}]}<\/script>\n<!-- \/ Yoast SEO plugin. -->","yoast_head_json":{"title":"Votre \u00e9quipe - Noir &amp; Blanc Studio","robots":{"index":"index","follow":"follow","max-snippet":"max-snippet:-1","max-image-preview":"max-image-preview:large","max-video-preview":"max-video-preview:-1"},"canonical":"https:\/\/www.noiretblancstudio.com\/index.php\/votre-equipe\/","og_locale":"fr_FR","og_type":"article","og_title":"Votre \u00e9quipe - Noir &amp; Blanc Studio","og_description":"L&rsquo;\u00e9quipe Retrouvez l&rsquo;ensemble de nos r\u00e9alisations et productions. Vous souhaitez r\u00e9aliser une s\u00e9ance photo ?\u00a0 Lamy GOMES, photographe vid\u00e9aste nomm\u00e9 le Padawan et co-fondateur du Noir &amp; Blanc Studio\u00a0 Sp\u00e9cialis\u00e9 dans la vid\u00e9o depuis 2009,\u00a0 il saura mettre en avant vos projets audiovisuels et \u00e9v\u00e9nements familiaux avec passion ! Dominique ANGLIO photographe passionn\u00e9 depuis 2007,&nbsp;co-fondateur &hellip; Votre \u00e9quipe Lire la suite\u00a0\u00bb","og_url":"https:\/\/www.noiretblancstudio.com\/index.php\/votre-equipe\/","og_site_name":"Noir &amp; Blanc Studio","article_modified_time":"2022-04-25T14:35:45+00:00","twitter_card":"summary_large_image","twitter_misc":{"Dur\u00e9e de lecture estim\u00e9e":"1 minute"},"schema":{"@context":"https:\/\/schema.org","@graph":[{"@type":"WebPage","@id":"https:\/\/www.noiretblancstudio.com\/index.php\/votre-equipe\/","url":"https:\/\/www.noiretblancstudio.com\/index.php\/votre-equipe\/","name":"Votre \u00e9quipe - Noir &amp; Blanc Studio","isPartOf":{"@id":"https:\/\/www.noiretblancstudio.com\/#website"},"datePublished":"2022-04-07T13:56:16+00:00","dateModified":"2022-04-25T14:35:45+00:00","breadcrumb":{"@id":"https:\/\/www.noiretblancstudio.com\/index.php\/votre-equipe\/#breadcrumb"},"inLanguage":"fr-FR","potentialAction":[{"@type":"ReadAction","target":["https:\/\/www.noiretblancstudio.com\/index.php\/votre-equipe\/"]}]},{"@type":"BreadcrumbList","@id":"https:\/\/www.noiretblancstudio.com\/index.php\/votre-equipe\/#breadcrumb","itemListElement":[{"@type":"ListItem","position":1,"name":"Accueil","item":"https:\/\/www.noiretblancstudio.com\/"},{"@type":"ListItem","position":2,"name":"Votre \u00e9quipe"}]},{"@type":"WebSite","@id":"https:\/\/www.noiretblancstudio.com\/#website","url":"https:\/\/www.noiretblancstudio.com\/","name":"Noir &amp; Blanc Studio","description":"Votre studio photo \u00e0 Villeurbanne","publisher":{"@id":"https:\/\/www.noiretblancstudio.com\/#organization"},"potentialAction":[{"@type":"SearchAction","target":{"@type":"EntryPoint","urlTemplate":"https:\/\/www.noiretblancstudio.com\/?s={search_term_string}"},"query-input":"required name=search_term_string"}],"inLanguage":"fr-FR"},{"@type":"Organization","@id":"https:\/\/www.noiretblancstudio.com\/#organization","name":"Noir &amp; Blanc Studio","url":"https:\/\/www.noiretblancstudio.com\/","logo":{"@type":"ImageObject","inLanguage":"fr-FR","@id":"https:\/\/www.noiretblancstudio.com\/#\/schema\/logo\/image\/","url":"https:\/\/www.noiretblancstudio.com\/wp-content\/uploads\/2021\/12\/cropped-noir__blanc_logonew.png","contentUrl":"https:\/\/www.noiretblancstudio.com\/wp-content\/uploads\/2021\/12\/cropped-noir__blanc_logonew.png","width":512,"height":512,"caption":"Noir &amp; Blanc Studio"},"image":{"@id":"https:\/\/www.noiretblancstudio.com\/#\/schema\/logo\/image\/"}}]}},"_links":{"self":[{"href":"https:\/\/www.noiretblancstudio.com\/index.php\/wp-json\/wp\/v2\/pages\/943"}],"collection":[{"href":"https:\/\/www.noiretblancstudio.com\/index.php\/wp-json\/wp\/v2\/pages"}],"about":[{"href":"https:\/\/www.noiretblancstudio.com\/index.php\/wp-json\/wp\/v2\/types\/page"}],"author":[{"embeddable":true,"href":"https:\/\/www.noiretblancstudio.com\/index.php\/wp-json\/wp\/v2\/users\/1"}],"replies":[{"embeddable":true,"href":"https:\/\/www.noiretblancstudio.com\/index.php\/wp-json\/wp\/v2\/comments?post=943"}],"version-history":[{"count":27,"href":"https:\/\/www.noiretblancstudio.com\/index.php\/wp-json\/wp\/v2\/pages\/943\/revisions"}],"predecessor-version":[{"id":1340,"href":"https:\/\/www.noiretblancstudio.com\/index.php\/wp-json\/wp\/v2\/pages\/943\/revisions\/1340"}],"wp:attachment":[{"href":"https:\/\/www.noiretblancstudio.com\/index.php\/wp-json\/wp\/v2\/media?parent=943"}],"curies":[{"name":"wp","href":"https:\/\/api.w.org\/{rel}","templated":true}]}}