{"id":994,"date":"2022-04-08T17:26:42","date_gmt":"2022-04-08T15:26:42","guid":{"rendered":"http:\/\/www.noiretblancstudio.com\/index.php\/booking\/"},"modified":"2022-04-14T14:39:33","modified_gmt":"2022-04-14T12:39:33","slug":"booking","status":"publish","type":"page","link":"https:\/\/www.noiretblancstudio.com\/index.php\/booking\/","title":{"rendered":""},"content":{"rendered":"\t\t<div data-elementor-type=\"wp-page\" data-elementor-id=\"994\" class=\"elementor elementor-994\">\n\t\t\t\t\t\t\t\t\t<section class=\"elementor-section elementor-top-section elementor-element elementor-element-eb3000b elementor-section-boxed elementor-section-height-default elementor-section-height-default\" data-id=\"eb3000b\" data-element_type=\"section\" data-settings=\"{&quot;background_background&quot;:&quot;classic&quot;}\">\n\t\t\t\t\t\t\t<div class=\"elementor-background-overlay\"><\/div>\n\t\t\t\t\t\t\t<div class=\"elementor-container elementor-column-gap-default\">\n\t\t\t\t\t<div class=\"elementor-column elementor-col-100 elementor-top-column elementor-element elementor-element-64c6fb1\" data-id=\"64c6fb1\" data-element_type=\"column\">\n\t\t\t<div class=\"elementor-widget-wrap elementor-element-populated\">\n\t\t\t\t\t\t\t\t<div class=\"elementor-element elementor-element-e3ab8ed animated-slow elementor-invisible elementor-widget elementor-widget-heading\" data-id=\"e3ab8ed\" data-element_type=\"widget\" data-settings=\"{&quot;_animation&quot;:&quot;zoomIn&quot;}\" data-widget_type=\"heading.default\">\n\t\t\t\t<div class=\"elementor-widget-container\">\n\t\t\t<style>\/*! elementor - v3.15.0 - 20-08-2023 *\/\n.elementor-heading-title{padding:0;margin:0;line-height:1}.elementor-widget-heading .elementor-heading-title[class*=elementor-size-]>a{color:inherit;font-size:inherit;line-height:inherit}.elementor-widget-heading .elementor-heading-title.elementor-size-small{font-size:15px}.elementor-widget-heading .elementor-heading-title.elementor-size-medium{font-size:19px}.elementor-widget-heading .elementor-heading-title.elementor-size-large{font-size:29px}.elementor-widget-heading .elementor-heading-title.elementor-size-xl{font-size:39px}.elementor-widget-heading .elementor-heading-title.elementor-size-xxl{font-size:59px}<\/style><h1 class=\"elementor-heading-title elementor-size-default\">r\u00e9server une s\u00e9ance ? <\/h1>\t\t<\/div>\n\t\t\t\t<\/div>\n\t\t\t\t<div class=\"elementor-element elementor-element-a545664 elementor-widget elementor-widget-text-editor\" data-id=\"a545664\" data-element_type=\"widget\" data-widget_type=\"text-editor.default\">\n\t\t\t\t<div class=\"elementor-widget-container\">\n\t\t\t<style>\/*! elementor - v3.15.0 - 20-08-2023 *\/\n.elementor-widget-text-editor.elementor-drop-cap-view-stacked .elementor-drop-cap{background-color:#69727d;color:#fff}.elementor-widget-text-editor.elementor-drop-cap-view-framed .elementor-drop-cap{color:#69727d;border:3px solid;background-color:transparent}.elementor-widget-text-editor:not(.elementor-drop-cap-view-default) .elementor-drop-cap{margin-top:8px}.elementor-widget-text-editor:not(.elementor-drop-cap-view-default) .elementor-drop-cap-letter{width:1em;height:1em}.elementor-widget-text-editor .elementor-drop-cap{float:left;text-align:center;line-height:1;font-size:50px}.elementor-widget-text-editor .elementor-drop-cap-letter{display:inline-block}<\/style>\t\t\t\t<p>Retrouvez l&rsquo;ensemble de nos r\u00e9alisations et productions. Vous souhaitez r\u00e9aliser une s\u00e9ance photo?\u00a0<\/p>\t\t\t\t\t\t<\/div>\n\t\t\t\t<\/div>\n\t\t\t\t\t<\/div>\n\t\t<\/div>\n\t\t\t\t\t\t\t<\/div>\n\t\t<\/section>\n\t\t\t\t<section class=\"elementor-section elementor-top-section elementor-element elementor-element-1762dff elementor-section-boxed elementor-section-height-default elementor-section-height-default\" data-id=\"1762dff\" data-element_type=\"section\" data-settings=\"{&quot;background_background&quot;:&quot;classic&quot;}\">\n\t\t\t\t\t\t<div class=\"elementor-container elementor-column-gap-default\">\n\t\t\t\t\t<div class=\"elementor-column elementor-col-100 elementor-top-column elementor-element elementor-element-896f5b7\" data-id=\"896f5b7\" data-element_type=\"column\">\n\t\t\t<div class=\"elementor-widget-wrap elementor-element-populated\">\n\t\t\t\t\t\t\t\t<div class=\"elementor-element elementor-element-66cd943 elementor-widget elementor-widget-shortcode\" data-id=\"66cd943\" data-element_type=\"widget\" data-widget_type=\"shortcode.default\">\n\t\t\t\t<div class=\"elementor-widget-container\">\n\t\t\t\t\t<div class=\"elementor-shortcode\">    <div id=\"sln-salon\" class=\"sln-bootstrap container-fluid sln-salon--l sln-customcolors\">\n        <div id=\"sln-salon__content\" class=\"sln-bootstrap container-fluid sln-salon--l__content\">\n                            \r\n<div id=\"sln-salon-booking\" class=\"sln-shortcode sln-salon--l sln-step-services sln-customcolors\">\r\n    <div id=\"sln-salon-booking__content\" class=\"sln-salon--l__content sln-salon__content-step-services\">\r\n        <div class=\"sln-topbar\"><h6>Already a customer? <a href=\"https:\/\/www.noiretblancstudio.com\/index.php\/mon-compte-2\/\">Log-in<\/a><\/h6><\/div>\t<h2 class=\"sln-salon-title\">Prenez rendez-vous<\/h2>\r\n\t<script>mixpanel.track('Front-end booking form', {\"step\":\"services\",\"version\":\"free\",\"layout\":\"large\",\"enviroment\":\"live\"});<\/script>\t<h2 class=\"salon-step-title\">What do you need?<\/h2>\r\n\t<div class=\"sln-progbar__wrapper\">\n        <div class=\"sln-progbar__text\">\n        Step <span>1\/6<\/span> <span><\/span> <span><\/span> <span><\/span> <span><\/span> <span><\/span>    <\/div>\n    <div class=\"sln-progbar\">\n        <div class=\"sln-progbar__item  sln-progbar__item--thankyou\" data-zindex=\"1\"><span class=\"sr-only\">thankyou<\/span><\/div><div class=\"sln-progbar__item  sln-progbar__item--summary\" data-zindex=\"2\"><span class=\"sr-only\">summary<\/span><\/div><div class=\"sln-progbar__item  sln-progbar__item--details\" data-zindex=\"3\"><span class=\"sr-only\">details<\/span><\/div><div class=\"sln-progbar__item  sln-progbar__item--date\" data-zindex=\"4\"><span class=\"sr-only\">date<\/span><\/div><div class=\"sln-progbar__item  sln-progbar__item--attendant\" data-zindex=\"5\"><span class=\"sr-only\">attendant<\/span><\/div><div class=\"sln-progbar__item sln-progbar__item--current sln-progbar__item--services\" data-zindex=\"6\"><span class=\"sr-only\">services<\/span><\/div>    <\/div>\n<\/div>        \t<div class=\"sln-alert sln-alert--paddingleft sln-alert--problem\">\r\n\t\tLes r&eacute;servations ne sont pas disponibles pour le moment, veuillez nous contacter sur le mail suivant:  nbstudio100@gmail.com\t<\/div>\r\n\t        <div id=\"sln-notifications\" class=\"sln-notifications--fix--tr\"><\/div>\r\n        <div id=\"sln-salon__follower\"><\/div>\r\n    <\/div>\r\n    <!-- .sln-salon__wrapper \/\/ END -->\r\n<\/div>\r\n                    <\/div>\n    <\/div>\n\n<\/div>\n\t\t\t\t<\/div>\n\t\t\t\t<\/div>\n\t\t\t\t\t<\/div>\n\t\t<\/div>\n\t\t\t\t\t\t\t<\/div>\n\t\t<\/section>\n\t\t\t\t\t\t\t<\/div>\n\t\t","protected":false},"excerpt":{"rendered":"<p>r\u00e9server une s\u00e9ance ? Retrouvez l&rsquo;ensemble de nos r\u00e9alisations et productions. Vous souhaitez r\u00e9aliser une s\u00e9ance photo?&nbsp;<\/p>\n","protected":false},"author":1,"featured_media":0,"parent":0,"menu_order":0,"comment_status":"closed","ping_status":"closed","template":"","meta":{"site-sidebar-layout":"default","site-content-layout":"default","ast-global-header-display":"","ast-banner-title-visibility":"","ast-main-header-display":"","ast-hfb-above-header-display":"","ast-hfb-below-header-display":"","ast-hfb-mobile-header-display":"","site-post-title":"","ast-breadcrumbs-content":"","ast-featured-img":"","footer-sml-layout":"","theme-transparent-header-meta":"","adv-header-id-meta":"","stick-header-meta":"","header-above-stick-meta":"","header-main-stick-meta":"","header-below-stick-meta":""},"yoast_head":"<!-- This site is optimized with the Yoast SEO plugin v21.1 - https:\/\/yoast.com\/wordpress\/plugins\/seo\/ -->\n<title>- Noir &amp; Blanc Studio<\/title>\n<meta name=\"robots\" content=\"index, follow, max-snippet:-1, max-image-preview:large, max-video-preview:-1\" \/>\n<link rel=\"canonical\" href=\"https:\/\/www.noiretblancstudio.com\/index.php\/booking\/\" \/>\n<meta property=\"og:locale\" content=\"fr_FR\" \/>\n<meta property=\"og:type\" content=\"article\" \/>\n<meta property=\"og:title\" content=\"- Noir &amp; Blanc Studio\" \/>\n<meta property=\"og:description\" content=\"r\u00e9server une s\u00e9ance ? Retrouvez l&rsquo;ensemble de nos r\u00e9alisations et productions. Vous souhaitez r\u00e9aliser une s\u00e9ance photo?&nbsp;\" \/>\n<meta property=\"og:url\" content=\"https:\/\/www.noiretblancstudio.com\/index.php\/booking\/\" \/>\n<meta property=\"og:site_name\" content=\"Noir &amp; Blanc Studio\" \/>\n<meta property=\"article:modified_time\" content=\"2022-04-14T12:39:33+00:00\" \/>\n<meta name=\"twitter:card\" content=\"summary_large_image\" \/>\n<meta name=\"twitter:label1\" content=\"Dur\u00e9e de lecture estim\u00e9e\" \/>\n\t<meta name=\"twitter:data1\" content=\"1 minute\" \/>\n<script type=\"application\/ld+json\" class=\"yoast-schema-graph\">{\"@context\":\"https:\/\/schema.org\",\"@graph\":[{\"@type\":\"WebPage\",\"@id\":\"https:\/\/www.noiretblancstudio.com\/index.php\/booking\/\",\"url\":\"https:\/\/www.noiretblancstudio.com\/index.php\/booking\/\",\"name\":\"- Noir &amp; Blanc Studio\",\"isPartOf\":{\"@id\":\"https:\/\/www.noiretblancstudio.com\/#website\"},\"datePublished\":\"2022-04-08T15:26:42+00:00\",\"dateModified\":\"2022-04-14T12:39:33+00:00\",\"inLanguage\":\"fr-FR\",\"potentialAction\":[{\"@type\":\"ReadAction\",\"target\":[\"https:\/\/www.noiretblancstudio.com\/index.php\/booking\/\"]}]},{\"@type\":\"WebSite\",\"@id\":\"https:\/\/www.noiretblancstudio.com\/#website\",\"url\":\"https:\/\/www.noiretblancstudio.com\/\",\"name\":\"Noir &amp; Blanc Studio\",\"description\":\"Votre studio photo \u00e0 Villeurbanne\",\"publisher\":{\"@id\":\"https:\/\/www.noiretblancstudio.com\/#organization\"},\"potentialAction\":[{\"@type\":\"SearchAction\",\"target\":{\"@type\":\"EntryPoint\",\"urlTemplate\":\"https:\/\/www.noiretblancstudio.com\/?s={search_term_string}\"},\"query-input\":\"required name=search_term_string\"}],\"inLanguage\":\"fr-FR\"},{\"@type\":\"Organization\",\"@id\":\"https:\/\/www.noiretblancstudio.com\/#organization\",\"name\":\"Noir &amp; Blanc Studio\",\"url\":\"https:\/\/www.noiretblancstudio.com\/\",\"logo\":{\"@type\":\"ImageObject\",\"inLanguage\":\"fr-FR\",\"@id\":\"https:\/\/www.noiretblancstudio.com\/#\/schema\/logo\/image\/\",\"url\":\"https:\/\/www.noiretblancstudio.com\/wp-content\/uploads\/2021\/12\/cropped-noir__blanc_logonew.png\",\"contentUrl\":\"https:\/\/www.noiretblancstudio.com\/wp-content\/uploads\/2021\/12\/cropped-noir__blanc_logonew.png\",\"width\":512,\"height\":512,\"caption\":\"Noir &amp; Blanc Studio\"},\"image\":{\"@id\":\"https:\/\/www.noiretblancstudio.com\/#\/schema\/logo\/image\/\"}}]}<\/script>\n<!-- \/ Yoast SEO plugin. -->","yoast_head_json":{"title":"- Noir &amp; Blanc Studio","robots":{"index":"index","follow":"follow","max-snippet":"max-snippet:-1","max-image-preview":"max-image-preview:large","max-video-preview":"max-video-preview:-1"},"canonical":"https:\/\/www.noiretblancstudio.com\/index.php\/booking\/","og_locale":"fr_FR","og_type":"article","og_title":"- Noir &amp; Blanc Studio","og_description":"r\u00e9server une s\u00e9ance ? Retrouvez l&rsquo;ensemble de nos r\u00e9alisations et productions. Vous souhaitez r\u00e9aliser une s\u00e9ance photo?&nbsp;","og_url":"https:\/\/www.noiretblancstudio.com\/index.php\/booking\/","og_site_name":"Noir &amp; Blanc Studio","article_modified_time":"2022-04-14T12:39:33+00:00","twitter_card":"summary_large_image","twitter_misc":{"Dur\u00e9e de lecture estim\u00e9e":"1 minute"},"schema":{"@context":"https:\/\/schema.org","@graph":[{"@type":"WebPage","@id":"https:\/\/www.noiretblancstudio.com\/index.php\/booking\/","url":"https:\/\/www.noiretblancstudio.com\/index.php\/booking\/","name":"- Noir &amp; Blanc Studio","isPartOf":{"@id":"https:\/\/www.noiretblancstudio.com\/#website"},"datePublished":"2022-04-08T15:26:42+00:00","dateModified":"2022-04-14T12:39:33+00:00","inLanguage":"fr-FR","potentialAction":[{"@type":"ReadAction","target":["https:\/\/www.noiretblancstudio.com\/index.php\/booking\/"]}]},{"@type":"WebSite","@id":"https:\/\/www.noiretblancstudio.com\/#website","url":"https:\/\/www.noiretblancstudio.com\/","name":"Noir &amp; Blanc Studio","description":"Votre studio photo \u00e0 Villeurbanne","publisher":{"@id":"https:\/\/www.noiretblancstudio.com\/#organization"},"potentialAction":[{"@type":"SearchAction","target":{"@type":"EntryPoint","urlTemplate":"https:\/\/www.noiretblancstudio.com\/?s={search_term_string}"},"query-input":"required name=search_term_string"}],"inLanguage":"fr-FR"},{"@type":"Organization","@id":"https:\/\/www.noiretblancstudio.com\/#organization","name":"Noir &amp; Blanc Studio","url":"https:\/\/www.noiretblancstudio.com\/","logo":{"@type":"ImageObject","inLanguage":"fr-FR","@id":"https:\/\/www.noiretblancstudio.com\/#\/schema\/logo\/image\/","url":"https:\/\/www.noiretblancstudio.com\/wp-content\/uploads\/2021\/12\/cropped-noir__blanc_logonew.png","contentUrl":"https:\/\/www.noiretblancstudio.com\/wp-content\/uploads\/2021\/12\/cropped-noir__blanc_logonew.png","width":512,"height":512,"caption":"Noir &amp; Blanc Studio"},"image":{"@id":"https:\/\/www.noiretblancstudio.com\/#\/schema\/logo\/image\/"}}]}},"_links":{"self":[{"href":"https:\/\/www.noiretblancstudio.com\/index.php\/wp-json\/wp\/v2\/pages\/994"}],"collection":[{"href":"https:\/\/www.noiretblancstudio.com\/index.php\/wp-json\/wp\/v2\/pages"}],"about":[{"href":"https:\/\/www.noiretblancstudio.com\/index.php\/wp-json\/wp\/v2\/types\/page"}],"author":[{"embeddable":true,"href":"https:\/\/www.noiretblancstudio.com\/index.php\/wp-json\/wp\/v2\/users\/1"}],"replies":[{"embeddable":true,"href":"https:\/\/www.noiretblancstudio.com\/index.php\/wp-json\/wp\/v2\/comments?post=994"}],"version-history":[{"count":15,"href":"https:\/\/www.noiretblancstudio.com\/index.php\/wp-json\/wp\/v2\/pages\/994\/revisions"}],"predecessor-version":[{"id":1186,"href":"https:\/\/www.noiretblancstudio.com\/index.php\/wp-json\/wp\/v2\/pages\/994\/revisions\/1186"}],"wp:attachment":[{"href":"https:\/\/www.noiretblancstudio.com\/index.php\/wp-json\/wp\/v2\/media?parent=994"}],"curies":[{"name":"wp","href":"https:\/\/api.w.org\/{rel}","templated":true}]}}